{"id":4077,"date":"2022-03-16T09:20:59","date_gmt":"2022-03-16T08:20:59","guid":{"rendered":"http:\/\/spectro-uvex.tech\/?post_type=product&#038;p=4077"},"modified":"2026-03-11T12:09:38","modified_gmt":"2026-03-11T11:09:38","slug":"kit-uvex4-upgrade-motorisation","status":"publish","type":"product","link":"https:\/\/spectro-uvex.tech\/?product=kit-uvex4-upgrade-motorisation","title":{"rendered":"Kit UVEX4 upgrade Motorisation"},"content":{"rendered":"<p><span style=\"color: #008000;\">Kit UVEX4 upgrade Motorisation<\/span>, pour passer de la version m\u00e9canique \u00e0 la version motoris\u00e9e 3 moteurs (motorisation du r\u00e9seau, de la mise au point et de la fente)<\/p>\n<p>Ce kit contient:<\/p>\n<p><span style=\"text-decoration: underline;\">Sachet1:<\/span> Electronique de commande<span style=\"text-decoration: underline;\"><br \/>\n<\/span>&#8211; <span style=\"color: #ff0000;\">La carte \u00e9lectronique UVEX 4 version 4.13 programm\u00e9e avec ses modules Arduino mega 2560 + ESP8266 (WIFI) + WE5500 (Ethernet), mont\u00e9e, programm\u00e9e et test\u00e9e.<br \/>\n<\/span>&#8211; 3 vis M3x8 de fixation de la carte.<br \/>\n&#8211; 3 vis M3x30 de fixation du boitier.<\/p>\n<p><span style=\"text-decoration: underline;\">Sachet 2:<\/span> Electronique accessoires.<br \/>\n&#8211; La minicarte interne munie du capteur de temp\u00e9rature, mont\u00e9e, et test\u00e9e.<br \/>\n&#8211; Nappe de connexions inter-carte 8 brins.<br \/>\n&#8211; 2 capteurs effet Hall.<\/p>\n<p><span style=\"text-decoration: underline;\">Sachet 3:<\/span> Moteurs<br \/>\n&#8211; <span style=\"color: #0000ff;\">Les 3 moteurs pas \u00e0 pas.<\/span><\/p>\n<p><span style=\"text-decoration: underline;\">Sachet 4:<\/span> Mise au point Motoris\u00e9e<br \/>\n&#8211; Vis M2x12 + \u00e9crou M2, pour r\u00e9glage de mise au point.<br \/>\n&#8211; <span style=\"color: #339966;\">404_Axe_Moteur_mise_au_point<\/span> + insert qui remplace la vis microm\u00e9trique.<br \/>\n&#8211; 2 vis M4x6 + 2 \u00e9crous M4, pour fixation du moteur de mise au point.<br \/>\n&#8211; 1 Aimant n\u00e9odyme d2x1.5mm pour capteur effet hall (fin de course).<br \/>\n&#8211; 2 Vis M2x4 fixation capteur effet Hall.<\/p>\n<p><span style=\"text-decoration: underline;\">Sachet 5: <\/span>Motorisation r\u00e9seau<br \/>\n&#8211; <span style=\"color: #339966;\">503_cache_ressort_V3<\/span> pour rattrapage de jeux.<br \/>\n&#8211; <span style=\"color: #339966;\">501_Axe reseau_V3<\/span>+ insert pour couplage r\u00e9seau.<br \/>\n&#8211; 1 vis M4x10 pour axe r\u00e9seau.<br \/>\n&#8211; Ressort h\u00e9lico\u00efdal de rattrapage de jeux.<br \/>\n&#8211; 2 vis M4x10+ 2 \u00e9crous M4 de fixation moteur.<br \/>\n&#8211; 2 vis M3x12 pour fixation cache.<br \/>\n&#8211; <span style=\"color: #339966;\">507_Support capteur point_0_reseau_V2<\/span> pour capteur \u00e0 effet hall.<br \/>\n&#8211; 1 Vis M3x8 de fixation de support \u00e0 effet Hall.<br \/>\n&#8211; 1 Aimant N\u00e9odyme cylindrique d4x1.5mm de fin de course.<\/p>\n<p><span style=\"text-decoration: underline;\">Sachet 6:<\/span> Fente tournante<br \/>\n&#8211; <span style=\"color: #339966;\">213_Manchon_fente_tournante_V1.1<br \/>\n<span style=\"color: #000000;\">&#8211;<\/span> 212_Axe_fente_tournante_V1.5<span style=\"color: #000000;\"><br \/>\n&#8211; <span style=\"color: #339966;\">211_Support_fente_tournante_V21\u00a0<span style=\"color: #000000;\">avec LED, photodiode + roulement install\u00e9 et test\u00e9.<br \/>\n&#8211; 1 Vis M2x4 fixation de fente claire.<br \/>\n<\/span><\/span><\/span><\/span><span style=\"color: #339966;\"><span style=\"color: #000000;\"><span style=\"color: #339966;\"><span style=\"color: #000000;\">&#8211; 2 vis M4x6 + 2 \u00e9crous M4 de fixation de moteur.<br \/>\n&#8211; 1 vis M3x8 + 1 vis M3x16 de fixation de support fente tournante.<\/span><\/span><\/span><\/span><\/p>\n<p><span style=\"text-decoration: underline;\">Sachet 7:<\/span> en+<br \/>\n&#8211; LED + photodiode de rechange.<br \/>\n&#8211; Petites vis en +<\/p>\n","protected":false},"excerpt":{"rendered":"<p><span style=\"color: #008000;\">Kit UVEX4 upgrade<\/span>, pour passer de la version m\u00e9canique \u00e0 la version motoris\u00e9e 3 moteurs (motorisation du r\u00e9seau, de la mise au point et de la fente)<\/p>\n<p>&nbsp;<\/p>\n","protected":false},"featured_media":4080,"comment_status":"open","ping_status":"closed","template":"","meta":{"ocean_post_layout":"","ocean_both_sidebars_style":"","ocean_both_sidebars_content_width":0,"ocean_both_sidebars_sidebars_width":0,"ocean_sidebar":"0","ocean_second_sidebar":"0","ocean_disable_margins":"enable","ocean_add_body_class":"","ocean_shortcode_before_top_bar":"","ocean_shortcode_after_top_bar":"","ocean_shortcode_before_header":"","ocean_shortcode_after_header":"","ocean_has_shortcode":"","ocean_shortcode_after_title":"","ocean_shortcode_before_footer_widgets":"","ocean_shortcode_after_footer_widgets":"","ocean_shortcode_before_footer_bottom":"","ocean_shortcode_after_footer_bottom":"","ocean_display_top_bar":"default","ocean_display_header":"default","ocean_header_style":"","ocean_center_header_left_menu":"0","ocean_custom_header_template":"0","ocean_custom_logo":0,"ocean_custom_retina_logo":0,"ocean_custom_logo_max_width":0,"ocean_custom_logo_tablet_max_width":0,"ocean_custom_logo_mobile_max_width":0,"ocean_custom_logo_max_height":0,"ocean_custom_logo_tablet_max_height":0,"ocean_custom_logo_mobile_max_height":0,"ocean_header_custom_menu":"0","ocean_menu_typo_font_family":"0","ocean_menu_typo_font_subset":"","ocean_menu_typo_font_size":0,"ocean_menu_typo_font_size_tablet":0,"ocean_menu_typo_font_size_mobile":0,"ocean_menu_typo_font_size_unit":"px","ocean_menu_typo_font_weight":"","ocean_menu_typo_font_weight_tablet":"","ocean_menu_typo_font_weight_mobile":"","ocean_menu_typo_transform":"","ocean_menu_typo_transform_tablet":"","ocean_menu_typo_transform_mobile":"","ocean_menu_typo_line_height":0,"ocean_menu_typo_line_height_tablet":0,"ocean_menu_typo_line_height_mobile":0,"ocean_menu_typo_line_height_unit":"","ocean_menu_typo_spacing":0,"ocean_menu_typo_spacing_tablet":0,"ocean_menu_typo_spacing_mobile":0,"ocean_menu_typo_spacing_unit":"","ocean_menu_link_color":"","ocean_menu_link_color_hover":"","ocean_menu_link_color_active":"","ocean_menu_link_background":"","ocean_menu_link_hover_background":"","ocean_menu_link_active_background":"","ocean_menu_social_links_bg":"","ocean_menu_social_hover_links_bg":"","ocean_menu_social_links_color":"","ocean_menu_social_hover_links_color":"","ocean_disable_title":"default","ocean_disable_heading":"default","ocean_post_title":"","ocean_post_subheading":"","ocean_post_title_style":"","ocean_post_title_background_color":"","ocean_post_title_background":0,"ocean_post_title_bg_image_position":"","ocean_post_title_bg_image_attachment":"","ocean_post_title_bg_image_repeat":"","ocean_post_title_bg_image_size":"","ocean_post_title_height":0,"ocean_post_title_bg_overlay":0.5,"ocean_post_title_bg_overlay_color":"","ocean_disable_breadcrumbs":"default","ocean_breadcrumbs_color":"","ocean_breadcrumbs_separator_color":"","ocean_breadcrumbs_links_color":"","ocean_breadcrumbs_links_hover_color":"","ocean_display_footer_widgets":"default","ocean_display_footer_bottom":"default","ocean_custom_footer_template":"0"},"product_brand":[],"product_cat":[105],"product_tag":[],"class_list":{"0":"post-4077","1":"product","2":"type-product","3":"status-publish","4":"has-post-thumbnail","6":"product_cat-uvex4","8":"entry","9":"has-media","11":"first","12":"instock","13":"taxable","14":"shipping-taxable","15":"purchasable","16":"product-type-simple","17":"has-product-nav","18":"col","19":"span_1_of_4","20":"owp-content-center","21":"owp-thumbs-layout-horizontal","22":"owp-btn-normal","23":"owp-tabs-layout-horizontal"},"jetpack_sharing_enabled":true,"_links":{"self":[{"href":"https:\/\/spectro-uvex.tech\/index.php?rest_route=\/wp\/v2\/product\/4077","targetHints":{"allow":["GET"]}}],"collection":[{"href":"https:\/\/spectro-uvex.tech\/index.php?rest_route=\/wp\/v2\/product"}],"about":[{"href":"https:\/\/spectro-uvex.tech\/index.php?rest_route=\/wp\/v2\/types\/product"}],"replies":[{"embeddable":true,"href":"https:\/\/spectro-uvex.tech\/index.php?rest_route=%2Fwp%2Fv2%2Fcomments&post=4077"}],"wp:featuredmedia":[{"embeddable":true,"href":"https:\/\/spectro-uvex.tech\/index.php?rest_route=\/wp\/v2\/media\/4080"}],"wp:attachment":[{"href":"https:\/\/spectro-uvex.tech\/index.php?rest_route=%2Fwp%2Fv2%2Fmedia&parent=4077"}],"wp:term":[{"taxonomy":"product_brand","embeddable":true,"href":"https:\/\/spectro-uvex.tech\/index.php?rest_route=%2Fwp%2Fv2%2Fproduct_brand&post=4077"},{"taxonomy":"product_cat","embeddable":true,"href":"https:\/\/spectro-uvex.tech\/index.php?rest_route=%2Fwp%2Fv2%2Fproduct_cat&post=4077"},{"taxonomy":"product_tag","embeddable":true,"href":"https:\/\/spectro-uvex.tech\/index.php?rest_route=%2Fwp%2Fv2%2Fproduct_tag&post=4077"}],"curies":[{"name":"wp","href":"https:\/\/api.w.org\/{rel}","templated":true}]}}