{"id":11343,"date":"2024-12-23T12:06:51","date_gmt":"2024-12-23T11:06:51","guid":{"rendered":"https:\/\/spectro-uvex.tech\/?post_type=product&#038;p=11343"},"modified":"2025-12-19T18:35:56","modified_gmt":"2025-12-19T17:35:56","slug":"kit-motorisation-reseau","status":"publish","type":"product","link":"https:\/\/spectro-uvex.tech\/?product=kit-motorisation-reseau","title":{"rendered":"KR01 &#8211; Kit upgrade Motorisation r\u00e9seau &#8211; UVEX<sup>4<\/sup> -> UVEX<sup>4i<\/sup>"},"content":{"rendered":"<p><strong>M\u00e9canique:<\/strong><\/p>\n<ul>\n<li>Vis sans fin ModContinMini 0,3 dents.<\/li>\n<li>Couronne 1\/100 \u00f8 24mm.<\/li>\n<li>2 roulements \u00e0 billes pour vis sans fin<\/li>\n<li>3 vis M3 x 20 Fixation \u00e0 l\u2019UVEX4i<\/li>\n<li>2 vis \u00f82mm (fixation de l&rsquo;axe r\u00e9seau sur la couronne)<\/li>\n<\/ul>\n<p><strong>Plastique:<\/strong><\/p>\n<ul>\n<li>500_axe_moteur_reseau.stl<\/li>\n<li>501_axe_reseau.stl.stl<\/li>\n<li>502_carter_reduc_reseau_inv.stl<\/li>\n<li>503_carter_reduc_reseau_sup.stl<\/li>\n<\/ul>\n","protected":false},"excerpt":{"rendered":"<p>Permet de b\u00e9n\u00e9ficier de la motorisation de pr\u00e9cision sur l&rsquo;UVEX4.<br \/>\nR\u00e9duction 1\/100i\u00e8me du r\u00e9glage en longueur d&rsquo;onde, pour le r\u00e9glage plus pr\u00e9cis et reproductible de la fen\u00eatre en longueur d&rsquo;onde vis\u00e9e par la cam\u00e9ra.<br \/>\nPlacer votre UVEX4i sur le doublet du sodium rien de plus facile en deux clics et c&rsquo;est fait!<\/p>\n<p>Contient les plastiques, la visserie et le syst\u00e8me de r\u00e9duction en laiton.<\/p>\n<p>Pour le montage voir la page suivante : <a href=\"https:\/\/spectro-uvex.tech\/?p=10327\">https:\/\/spectro-uvex.tech\/?p=10327<\/a><\/p>\n","protected":false},"featured_media":11344,"comment_status":"open","ping_status":"closed","template":"","meta":{"ocean_post_layout":"","ocean_both_sidebars_style":"","ocean_both_sidebars_content_width":0,"ocean_both_sidebars_sidebars_width":0,"ocean_sidebar":"0","ocean_second_sidebar":"0","ocean_disable_margins":"on","ocean_add_body_class":"","ocean_shortcode_before_top_bar":"","ocean_shortcode_after_top_bar":"","ocean_shortcode_before_header":"","ocean_shortcode_after_header":"","ocean_has_shortcode":"","ocean_shortcode_after_title":"","ocean_shortcode_before_footer_widgets":"","ocean_shortcode_after_footer_widgets":"","ocean_shortcode_before_footer_bottom":"","ocean_shortcode_after_footer_bottom":"","ocean_display_top_bar":"on","ocean_display_header":"on","ocean_header_style":"","ocean_center_header_left_menu":"0","ocean_custom_header_template":"0","ocean_custom_logo":0,"ocean_custom_retina_logo":0,"ocean_custom_logo_max_width":0,"ocean_custom_logo_tablet_max_width":0,"ocean_custom_logo_mobile_max_width":0,"ocean_custom_logo_max_height":0,"ocean_custom_logo_tablet_max_height":0,"ocean_custom_logo_mobile_max_height":0,"ocean_header_custom_menu":"0","ocean_menu_typo_font_family":"0","ocean_menu_typo_font_subset":"","ocean_menu_typo_font_size":0,"ocean_menu_typo_font_size_tablet":0,"ocean_menu_typo_font_size_mobile":0,"ocean_menu_typo_font_size_unit":"px","ocean_menu_typo_font_weight":"","ocean_menu_typo_font_weight_tablet":"","ocean_menu_typo_font_weight_mobile":"","ocean_menu_typo_transform":"","ocean_menu_typo_transform_tablet":"","ocean_menu_typo_transform_mobile":"","ocean_menu_typo_line_height":0,"ocean_menu_typo_line_height_tablet":0,"ocean_menu_typo_line_height_mobile":0,"ocean_menu_typo_line_height_unit":"","ocean_menu_typo_spacing":0,"ocean_menu_typo_spacing_tablet":0,"ocean_menu_typo_spacing_mobile":0,"ocean_menu_typo_spacing_unit":"","ocean_menu_link_color":"","ocean_menu_link_color_hover":"","ocean_menu_link_color_active":"","ocean_menu_link_background":"","ocean_menu_link_hover_background":"","ocean_menu_link_active_background":"","ocean_menu_social_links_bg":"","ocean_menu_social_hover_links_bg":"","ocean_menu_social_links_color":"","ocean_menu_social_hover_links_color":"","ocean_disable_title":"default","ocean_disable_heading":"default","ocean_post_title":"","ocean_post_subheading":"","ocean_post_title_style":"","ocean_post_title_background_color":"","ocean_post_title_background":0,"ocean_post_title_bg_image_position":"","ocean_post_title_bg_image_attachment":"","ocean_post_title_bg_image_repeat":"","ocean_post_title_bg_image_size":"","ocean_post_title_height":0,"ocean_post_title_bg_overlay":0.5,"ocean_post_title_bg_overlay_color":"","ocean_disable_breadcrumbs":"default","ocean_breadcrumbs_color":"","ocean_breadcrumbs_separator_color":"","ocean_breadcrumbs_links_color":"","ocean_breadcrumbs_links_hover_color":"","ocean_display_footer_widgets":"default","ocean_display_footer_bottom":"default","ocean_custom_footer_template":"0"},"product_brand":[],"product_cat":[105,119],"product_tag":[],"class_list":{"0":"post-11343","1":"product","2":"type-product","3":"status-publish","4":"has-post-thumbnail","6":"product_cat-uvex4","7":"product_cat-pieces-detachees","9":"entry","10":"has-media","12":"first","13":"instock","14":"purchasable","15":"product-type-simple","16":"has-product-nav","17":"col","18":"span_1_of_4","19":"owp-content-center","20":"owp-thumbs-layout-horizontal","21":"owp-btn-normal","22":"owp-tabs-layout-horizontal"},"jetpack_sharing_enabled":true,"_links":{"self":[{"href":"https:\/\/spectro-uvex.tech\/index.php?rest_route=\/wp\/v2\/product\/11343","targetHints":{"allow":["GET"]}}],"collection":[{"href":"https:\/\/spectro-uvex.tech\/index.php?rest_route=\/wp\/v2\/product"}],"about":[{"href":"https:\/\/spectro-uvex.tech\/index.php?rest_route=\/wp\/v2\/types\/product"}],"replies":[{"embeddable":true,"href":"https:\/\/spectro-uvex.tech\/index.php?rest_route=%2Fwp%2Fv2%2Fcomments&post=11343"}],"wp:featuredmedia":[{"embeddable":true,"href":"https:\/\/spectro-uvex.tech\/index.php?rest_route=\/wp\/v2\/media\/11344"}],"wp:attachment":[{"href":"https:\/\/spectro-uvex.tech\/index.php?rest_route=%2Fwp%2Fv2%2Fmedia&parent=11343"}],"wp:term":[{"taxonomy":"product_brand","embeddable":true,"href":"https:\/\/spectro-uvex.tech\/index.php?rest_route=%2Fwp%2Fv2%2Fproduct_brand&post=11343"},{"taxonomy":"product_cat","embeddable":true,"href":"https:\/\/spectro-uvex.tech\/index.php?rest_route=%2Fwp%2Fv2%2Fproduct_cat&post=11343"},{"taxonomy":"product_tag","embeddable":true,"href":"https:\/\/spectro-uvex.tech\/index.php?rest_route=%2Fwp%2Fv2%2Fproduct_tag&post=11343"}],"curies":[{"name":"wp","href":"https:\/\/api.w.org\/{rel}","templated":true}]}}