{"id":11321,"date":"2024-12-22T23:02:11","date_gmt":"2024-12-22T22:02:11","guid":{"rendered":"https:\/\/spectro-uvex.tech\/?post_type=product&#038;p=11321"},"modified":"2026-03-15T09:53:57","modified_gmt":"2026-03-15T08:53:57","slug":"kit-upgrade-multi-fentes-uvex4-uvex4i","status":"publish","type":"product","link":"https:\/\/spectro-uvex.tech\/?product=kit-upgrade-multi-fentes-uvex4-uvex4i","title":{"rendered":"KF02 &#8211; Kit Upgrade Multi Fentes UVEX<sup>4<\/sup>  -> UVEX<sup>4i<\/sup>"},"content":{"rendered":"<p><a href=\"https:\/\/spectro-uvex.tech\/?p=10353\" target=\"_blank\" rel=\"noopener\"><strong>KF 02 : kit Fente<\/strong><\/a><\/p>\n<ul>\n<li>Fente Libra: contient la fente 4 positions sp\u00e9ciale UVEX<sup>4i<\/sup>, 15, 25, 35 et 300\u00b5m.<\/li>\n<\/ul>\n<p>&nbsp;<\/p>\n<p><strong>Plastiques:<\/strong><\/p>\n<ul>\n<li>201bis_Support_LED_emettrice_+2mm.stl<\/li>\n<li>212_axe_fente_4_positions.stl<\/li>\n<li>213_cadre_guide_fente_18x18x2mm_V4.stl<\/li>\n<li>214_modele_fente_UVEX4i.stl<\/li>\n<\/ul>\n","protected":false},"excerpt":{"rendered":"<p>Multi-fentes sur mesure pour l&rsquo;UVEX4i en quartz. Avantages:<\/p>\n<ul>\n<li>Transparente aux UV<\/li>\n<li>Parfaitement plane, robuste<\/li>\n<li>Plus grande 18mm x 18mm = plus de champ<\/li>\n<li>plus facile pour la reconnaissance de champ.<\/li>\n<li>Nettoyable facilement.<\/li>\n<li>Fente 4 positions sp\u00e9ciale UVEX<sup>4i<\/sup>, 15, 25, 35 et 300\u00b5m.<\/li>\n<\/ul>\n<p>Kit pr\u00eat \u00e0 \u00eatre assembl\u00e9, pour le montage voir la page suivante : <a href=\"https:\/\/spectro-uvex.tech\/?p=10353\" target=\"_blank\" rel=\"noopener\">https:\/\/spectro-uvex.tech\/?p=10353<\/a><\/p>\n","protected":false},"featured_media":10361,"comment_status":"open","ping_status":"closed","template":"","meta":{"ocean_post_layout":"full-screen","ocean_both_sidebars_style":"","ocean_both_sidebars_content_width":0,"ocean_both_sidebars_sidebars_width":0,"ocean_sidebar":"0","ocean_second_sidebar":"0","ocean_disable_margins":"enable","ocean_add_body_class":"","ocean_shortcode_before_top_bar":"","ocean_shortcode_after_top_bar":"","ocean_shortcode_before_header":"","ocean_shortcode_after_header":"","ocean_has_shortcode":"","ocean_shortcode_after_title":"","ocean_shortcode_before_footer_widgets":"","ocean_shortcode_after_footer_widgets":"","ocean_shortcode_before_footer_bottom":"","ocean_shortcode_after_footer_bottom":"","ocean_display_top_bar":"default","ocean_display_header":"default","ocean_header_style":"","ocean_center_header_left_menu":"0","ocean_custom_header_template":"0","ocean_custom_logo":0,"ocean_custom_retina_logo":0,"ocean_custom_logo_max_width":0,"ocean_custom_logo_tablet_max_width":0,"ocean_custom_logo_mobile_max_width":0,"ocean_custom_logo_max_height":0,"ocean_custom_logo_tablet_max_height":0,"ocean_custom_logo_mobile_max_height":0,"ocean_header_custom_menu":"0","ocean_menu_typo_font_family":"0","ocean_menu_typo_font_subset":"","ocean_menu_typo_font_size":0,"ocean_menu_typo_font_size_tablet":0,"ocean_menu_typo_font_size_mobile":0,"ocean_menu_typo_font_size_unit":"px","ocean_menu_typo_font_weight":"","ocean_menu_typo_font_weight_tablet":"","ocean_menu_typo_font_weight_mobile":"","ocean_menu_typo_transform":"","ocean_menu_typo_transform_tablet":"","ocean_menu_typo_transform_mobile":"","ocean_menu_typo_line_height":0,"ocean_menu_typo_line_height_tablet":0,"ocean_menu_typo_line_height_mobile":0,"ocean_menu_typo_line_height_unit":"","ocean_menu_typo_spacing":0,"ocean_menu_typo_spacing_tablet":0,"ocean_menu_typo_spacing_mobile":0,"ocean_menu_typo_spacing_unit":"","ocean_menu_link_color":"","ocean_menu_link_color_hover":"","ocean_menu_link_color_active":"","ocean_menu_link_background":"","ocean_menu_link_hover_background":"","ocean_menu_link_active_background":"","ocean_menu_social_links_bg":"","ocean_menu_social_hover_links_bg":"","ocean_menu_social_links_color":"","ocean_menu_social_hover_links_color":"","ocean_disable_title":"default","ocean_disable_heading":"default","ocean_post_title":"","ocean_post_subheading":"","ocean_post_title_style":"","ocean_post_title_background_color":"","ocean_post_title_background":0,"ocean_post_title_bg_image_position":"","ocean_post_title_bg_image_attachment":"","ocean_post_title_bg_image_repeat":"","ocean_post_title_bg_image_size":"","ocean_post_title_height":0,"ocean_post_title_bg_overlay":0.5,"ocean_post_title_bg_overlay_color":"","ocean_disable_breadcrumbs":"default","ocean_breadcrumbs_color":"","ocean_breadcrumbs_separator_color":"","ocean_breadcrumbs_links_color":"","ocean_breadcrumbs_links_hover_color":"","ocean_display_footer_widgets":"default","ocean_display_footer_bottom":"default","ocean_custom_footer_template":"0"},"product_brand":[],"product_cat":[105,119],"product_tag":[],"class_list":{"0":"post-11321","1":"product","2":"type-product","3":"status-publish","4":"has-post-thumbnail","6":"product_cat-uvex4","7":"product_cat-pieces-detachees","9":"entry","10":"has-media","12":"first","13":"instock","14":"purchasable","15":"product-type-simple","16":"has-product-nav","17":"col","18":"span_1_of_4","19":"owp-content-center","20":"owp-thumbs-layout-horizontal","21":"owp-btn-normal","22":"owp-tabs-layout-horizontal","23":"has-no-thumbnails"},"jetpack_sharing_enabled":true,"_links":{"self":[{"href":"https:\/\/spectro-uvex.tech\/index.php?rest_route=\/wp\/v2\/product\/11321","targetHints":{"allow":["GET"]}}],"collection":[{"href":"https:\/\/spectro-uvex.tech\/index.php?rest_route=\/wp\/v2\/product"}],"about":[{"href":"https:\/\/spectro-uvex.tech\/index.php?rest_route=\/wp\/v2\/types\/product"}],"replies":[{"embeddable":true,"href":"https:\/\/spectro-uvex.tech\/index.php?rest_route=%2Fwp%2Fv2%2Fcomments&post=11321"}],"wp:featuredmedia":[{"embeddable":true,"href":"https:\/\/spectro-uvex.tech\/index.php?rest_route=\/wp\/v2\/media\/10361"}],"wp:attachment":[{"href":"https:\/\/spectro-uvex.tech\/index.php?rest_route=%2Fwp%2Fv2%2Fmedia&parent=11321"}],"wp:term":[{"taxonomy":"product_brand","embeddable":true,"href":"https:\/\/spectro-uvex.tech\/index.php?rest_route=%2Fwp%2Fv2%2Fproduct_brand&post=11321"},{"taxonomy":"product_cat","embeddable":true,"href":"https:\/\/spectro-uvex.tech\/index.php?rest_route=%2Fwp%2Fv2%2Fproduct_cat&post=11321"},{"taxonomy":"product_tag","embeddable":true,"href":"https:\/\/spectro-uvex.tech\/index.php?rest_route=%2Fwp%2Fv2%2Fproduct_tag&post=11321"}],"curies":[{"name":"wp","href":"https:\/\/api.w.org\/{rel}","templated":true}]}}