{"id":11302,"date":"2024-12-22T23:01:54","date_gmt":"2024-12-22T22:01:54","guid":{"rendered":"https:\/\/spectro-uvex.tech\/?post_type=product&#038;p=11302"},"modified":"2026-03-11T12:11:33","modified_gmt":"2026-03-11T11:11:33","slug":"kit-1-uvex4i-guidex4-motorisation-mecanique-multi-fentes-sans-plastiques","status":"publish","type":"product","link":"https:\/\/spectro-uvex.tech\/?product=kit-1-uvex4i-guidex4-motorisation-mecanique-multi-fentes-sans-plastiques","title":{"rendered":"Kit 1 &#8211; UVEX<sup>4i<\/sup> + Guidex<sup>4<\/sup> <u>sans plastiques<\/u>"},"content":{"rendered":"<table>\n<tbody>\n<tr>\n<td width=\"33%\"><a style=\"color: #13aff0; text-decoration-style: dotted; transition-property: all; text-decoration-skip-ink: none;\" href=\"https:\/\/spectro-uvex.tech\/?p=11156#KU01\" target=\"_blank\" rel=\"noopener\"><strong>KU 01<\/strong><\/a><\/p>\n<ul>\n<li>Carte M\u00e8re UVEX version 4.14 programm\u00e9e + Arduino mega 2560 Mini Pro + ESP8266 + W5500<\/li>\n<li>3 vis M3x8 + 1 rondelle pour la fixation de la carte \u00e9lectronique au bo\u00eetier<\/li>\n<li>Minicarte relais mont\u00e9e<\/li>\n<li>Nappe de connexion 8 brins<\/li>\n<\/ul>\n<\/td>\n<td width=\"33%\"><a style=\"color: #13aff0; text-decoration-style: dotted; transition-property: all; text-decoration-skip-ink: none;\" href=\"https:\/\/spectro-uvex.tech\/?p=11156#KU02\" target=\"_blank\" rel=\"noopener\"><strong>KU 02<\/strong><\/a><\/p>\n<ul>\n<li>2 capteurs effet hall ST054<\/li>\n<li>4 vis M2x4 pour fixation capteur \u00e0 effet hall.<\/li>\n<\/ul>\n<\/td>\n<td width=\"33%\"><a href=\"https:\/\/spectro-uvex.tech\/?p=11156#KU03\" target=\"_blank\" rel=\"noopener\"><strong>KU 03<\/strong><\/a><\/p>\n<ul>\n<li>3 moteur pas \u00e0 pas 28 BYJ-48 5V<\/li>\n<li>1 Aimant N\u00e9odyme cylindrique\u00a0\u22054\u00d71.5mm\u00a0de fin de course r\u00e9seau.<\/li>\n<li>1 Aimant N\u00e9odyme cylindrique \u00f83\u00d71.5mm pour capteur effet hall, fin de course Mise au point.<\/li>\n<\/ul>\n<\/td>\n<\/tr>\n<tr>\n<td><a href=\"https:\/\/spectro-uvex.tech\/?p=11156#KM01\" target=\"_blank\" rel=\"noopener\"><strong>KM 01<\/strong><\/a><\/p>\n<ul>\n<li>1 M4 x 18 (pour fixation M1)<\/li>\n<li>vis cruciforme t\u00eate frais\u00e9e M4x12.<\/li>\n<li>1 M2x12 (r\u00e9glage par manette du M2)<\/li>\n<li>1 \u00c9crou M2 (prisonnier pour manette M2)<\/li>\n<li>2 ressorts 3x30x0,3 mm<\/li>\n<li>2 tiges 2mm x 50mm<\/li>\n<li>1 ressort 19\u00d79,5\u00d70,7mm<\/li>\n<\/ul>\n<\/td>\n<td><a href=\"https:\/\/spectro-uvex.tech\/?p=11156#KM02\" target=\"_blank\" rel=\"noopener\"><strong>KM 02<\/strong><\/a><\/p>\n<ul>\n<li>Vis 2x M2x4<\/li>\n<li>2 x Aimants n\u00e9odyme \u22055mm h=8mm<\/li>\n<li>2 x Aimants parall\u00e9l\u00e9pip\u00e9diques 10x5x2mm<\/li>\n<\/ul>\n<\/td>\n<td><a href=\"https:\/\/spectro-uvex.tech\/?p=11156#KM03\" target=\"_blank\" rel=\"noopener\"><strong>KM 03<\/strong><\/a><\/p>\n<ul>\n<li>Roulement \u00e0 bille D=28 et d=12mm e=8 (roulement r\u00e9seau bas)<\/li>\n<li>Roulement \u00e0 bille D=11 et d=5mm e=5 (roulement r\u00e9seau haut pour couvercle)<\/li>\n<\/ul>\n<\/td>\n<\/tr>\n<tr>\n<td><a href=\"https:\/\/spectro-uvex.tech\/?p=11156#KM04\" target=\"_blank\" rel=\"noopener\"><strong>KM 04<\/strong><\/a><\/p>\n<ul>\n<li>M4x10 vis d\u2019axe r\u00e9seau.<\/li>\n<li>Vis sans fin ModContinMini 0,3 dents.<\/li>\n<li>Couronne 1\/100 \u00f8 24mm.<\/li>\n<li>2 roulements \u00e0 billes pour vis sans fin<\/li>\n<li>3 vis M3 x 20 Fixation \u00e0 l\u2019UVEX<sup>4i<\/sup><\/li>\n<li>2 vis M4x6 pour fixation moteur de r\u00e9seau.<\/li>\n<\/ul>\n<\/td>\n<td><a href=\"https:\/\/spectro-uvex.tech\/?p=11156#KM05\" target=\"_blank\" rel=\"noopener\"><strong>KM 05<\/strong><\/a><\/p>\n<ul>\n<li>Roulement 24x15x5<\/li>\n<li>M3x8 fixation inf\u00e9rieure courte.<\/li>\n<li>M3x16 fixation sup\u00e9rieure (attache c\u00e2ble Led + photodiode).<\/li>\n<li>M2x4 centrale pour fente claire (option)<\/li>\n<li>2 x M4x6 + \u00e9crou pour support de moteur<\/li>\n<\/ul>\n<\/td>\n<td><a href=\"https:\/\/spectro-uvex.tech\/?p=11156#KM06\" target=\"_blank\" rel=\"noopener\"><strong>KM 06<\/strong><\/a><\/p>\n<ul>\n<li>Vis 5x M4x10 fixation base<\/li>\n<li>Vis 2x M4x6 pour motorisation mise au point<\/li>\n<li>Vis molet\u00e9e 5 x M4x10 (capot)<\/li>\n<\/ul>\n<\/td>\n<\/tr>\n<tr>\n<td><a href=\"https:\/\/spectro-uvex.tech\/?p=11156#KF\" target=\"_blank\" rel=\"noopener\"><strong>KF 01 : kit Fente<\/strong><\/a><\/p>\n<ul>\n<li>Fente Libra: contient la fente 4 positions sp\u00e9ciale UVEX<sup>4i<\/sup>, 15, 25, 35 et 300\u00b5m.<\/li>\n<li>200_Support_fente_tournante.stl avec LED, photodiode<\/li>\n<li>201_support_LED_em_V16.stl<\/li>\n<li>204_Manchon_fente_tourn_motorise_V11.stl<\/li>\n<li>212_axe_fente_4_positions.stl<\/li>\n<li>213_cadre_guide_fente_18x18x2mm_V4.stl<\/li>\n<li>214_modele_fente_UVEX4i.stl<\/li>\n<\/ul>\n<\/td>\n<td><strong>KG : Kit pour Guidex<sup>4<\/sup><\/strong><\/p>\n<ul>\n<li>4 vis M4x60mm \u00e0 t\u00eate frais\u00e9e pour assemblage avec l&rsquo;UVEX<sup>4i<\/sup><\/li>\n<li>4 vis M2x6 pour support de miroir<\/li>\n<li>1 vis M3x16 + boulon (bague de serrage)<\/li>\n<\/ul>\n<\/td>\n<td><\/td>\n<\/tr>\n<\/tbody>\n<\/table>\n","protected":false},"excerpt":{"rendered":"<p><strong>Le Kit m\u00e9canique (KM)<\/strong> contient toute la visserie, les aimants, les ressorts, les tiges, les 3 roulements, la couronne + vis sans fin + les 2 roulements de r\u00e9duction, pour le mouvement fin du r\u00e9seau.\u00a0Nous nous chargeons de rassembler l\u2019ensemble de ces pi\u00e8ces pour vous dans des sachets num\u00e9rot\u00e9s, il n\u2019y plus qu\u2019\u00e0 visser ;-).<\/p>\n<p><strong>Le Kit motorisation (KU)<\/strong> contient les 3 moteurs pour la rotation du r\u00e9seau, la mise au point et la rotation de la fente, les 2 cartes \u00e9lectroniques, les microcontr\u00f4leurs programm\u00e9s, les 2 capteurs \u00e0 effet Hall. Le tout est pr\u00eat \u00e0 \u00eatre assembl\u00e9, il n\u2019y a plus qu\u2019a visser, pas de soudure, pas de programmation.<\/p>\n<p><strong>Le Kit fente (KF)<\/strong> contient la fente 4 positions sp\u00e9ciale UVEX<sup>4i<\/sup>, 15, 25, 35 et 300\u00b5m. Le syst\u00e8me de rotation de la fente pr\u00e9assembl\u00e9 avec les pi\u00e8ces plastiques 200\/201\/212\/213 et la connectique.<\/p>\n<p><strong>Le Kit Guidex<sup>4<\/sup> (KG)<\/strong> contient la visserie pour le Guidex<sup>4<\/sup><\/p>\n<p>&nbsp;<\/p>\n","protected":false},"featured_media":11339,"comment_status":"open","ping_status":"closed","template":"","meta":{"ocean_post_layout":"full-screen","ocean_both_sidebars_style":"","ocean_both_sidebars_content_width":0,"ocean_both_sidebars_sidebars_width":0,"ocean_sidebar":"0","ocean_second_sidebar":"0","ocean_disable_margins":"enable","ocean_add_body_class":"","ocean_shortcode_before_top_bar":"","ocean_shortcode_after_top_bar":"","ocean_shortcode_before_header":"","ocean_shortcode_after_header":"","ocean_has_shortcode":"","ocean_shortcode_after_title":"","ocean_shortcode_before_footer_widgets":"","ocean_shortcode_after_footer_widgets":"","ocean_shortcode_before_footer_bottom":"","ocean_shortcode_after_footer_bottom":"","ocean_display_top_bar":"default","ocean_display_header":"default","ocean_header_style":"","ocean_center_header_left_menu":"0","ocean_custom_header_template":"0","ocean_custom_logo":0,"ocean_custom_retina_logo":0,"ocean_custom_logo_max_width":0,"ocean_custom_logo_tablet_max_width":0,"ocean_custom_logo_mobile_max_width":0,"ocean_custom_logo_max_height":0,"ocean_custom_logo_tablet_max_height":0,"ocean_custom_logo_mobile_max_height":0,"ocean_header_custom_menu":"0","ocean_menu_typo_font_family":"0","ocean_menu_typo_font_subset":"","ocean_menu_typo_font_size":0,"ocean_menu_typo_font_size_tablet":0,"ocean_menu_typo_font_size_mobile":0,"ocean_menu_typo_font_size_unit":"px","ocean_menu_typo_font_weight":"","ocean_menu_typo_font_weight_tablet":"","ocean_menu_typo_font_weight_mobile":"","ocean_menu_typo_transform":"","ocean_menu_typo_transform_tablet":"","ocean_menu_typo_transform_mobile":"","ocean_menu_typo_line_height":0,"ocean_menu_typo_line_height_tablet":0,"ocean_menu_typo_line_height_mobile":0,"ocean_menu_typo_line_height_unit":"","ocean_menu_typo_spacing":0,"ocean_menu_typo_spacing_tablet":0,"ocean_menu_typo_spacing_mobile":0,"ocean_menu_typo_spacing_unit":"","ocean_menu_link_color":"","ocean_menu_link_color_hover":"","ocean_menu_link_color_active":"","ocean_menu_link_background":"","ocean_menu_link_hover_background":"","ocean_menu_link_active_background":"","ocean_menu_social_links_bg":"","ocean_menu_social_hover_links_bg":"","ocean_menu_social_links_color":"","ocean_menu_social_hover_links_color":"","ocean_disable_title":"default","ocean_disable_heading":"default","ocean_post_title":"","ocean_post_subheading":"","ocean_post_title_style":"","ocean_post_title_background_color":"","ocean_post_title_background":0,"ocean_post_title_bg_image_position":"","ocean_post_title_bg_image_attachment":"","ocean_post_title_bg_image_repeat":"","ocean_post_title_bg_image_size":"","ocean_post_title_height":0,"ocean_post_title_bg_overlay":0.5,"ocean_post_title_bg_overlay_color":"","ocean_disable_breadcrumbs":"default","ocean_breadcrumbs_color":"","ocean_breadcrumbs_separator_color":"","ocean_breadcrumbs_links_color":"","ocean_breadcrumbs_links_hover_color":"","ocean_display_footer_widgets":"default","ocean_display_footer_bottom":"default","ocean_custom_footer_template":"0"},"product_brand":[],"product_cat":[165],"product_tag":[],"class_list":{"0":"post-11302","1":"product","2":"type-product","3":"status-publish","4":"has-post-thumbnail","6":"product_cat-uvex4i","8":"entry","9":"has-media","11":"first","12":"instock","13":"purchasable","14":"product-type-simple","15":"has-product-nav","16":"col","17":"span_1_of_4","18":"owp-content-center","19":"owp-thumbs-layout-horizontal","20":"owp-btn-normal","21":"owp-tabs-layout-horizontal"},"jetpack_sharing_enabled":true,"_links":{"self":[{"href":"https:\/\/spectro-uvex.tech\/index.php?rest_route=\/wp\/v2\/product\/11302","targetHints":{"allow":["GET"]}}],"collection":[{"href":"https:\/\/spectro-uvex.tech\/index.php?rest_route=\/wp\/v2\/product"}],"about":[{"href":"https:\/\/spectro-uvex.tech\/index.php?rest_route=\/wp\/v2\/types\/product"}],"replies":[{"embeddable":true,"href":"https:\/\/spectro-uvex.tech\/index.php?rest_route=%2Fwp%2Fv2%2Fcomments&post=11302"}],"wp:featuredmedia":[{"embeddable":true,"href":"https:\/\/spectro-uvex.tech\/index.php?rest_route=\/wp\/v2\/media\/11339"}],"wp:attachment":[{"href":"https:\/\/spectro-uvex.tech\/index.php?rest_route=%2Fwp%2Fv2%2Fmedia&parent=11302"}],"wp:term":[{"taxonomy":"product_brand","embeddable":true,"href":"https:\/\/spectro-uvex.tech\/index.php?rest_route=%2Fwp%2Fv2%2Fproduct_brand&post=11302"},{"taxonomy":"product_cat","embeddable":true,"href":"https:\/\/spectro-uvex.tech\/index.php?rest_route=%2Fwp%2Fv2%2Fproduct_cat&post=11302"},{"taxonomy":"product_tag","embeddable":true,"href":"https:\/\/spectro-uvex.tech\/index.php?rest_route=%2Fwp%2Fv2%2Fproduct_tag&post=11302"}],"curies":[{"name":"wp","href":"https:\/\/api.w.org\/{rel}","templated":true}]}}